{"id":8,"date":"2025-12-27T14:47:06","date_gmt":"2025-12-27T14:47:06","guid":{"rendered":"https:\/\/lixe.eu\/?page_id=8"},"modified":"2025-12-27T14:50:27","modified_gmt":"2025-12-27T14:50:27","slug":"kredyt-bez-zaswiadczen","status":"publish","type":"page","link":"https:\/\/lixe.eu\/","title":{"rendered":"kredyt bez za\u015bwiadcze\u0144"},"content":{"rendered":"\n<div class=\"wp-block-group alignfull\" style=\"margin-top:0;margin-bottom:0\"><div class=\"wp-block-group__inner-container is-layout-constrained wp-block-group-is-layout-constrained\">\n<div class=\"wp-block-columns alignfull is-layout-flex wp-container-core-columns-is-layout-3058809c wp-block-columns-is-layout-flex\">\n<div class=\"wp-block-column is-layout-flow wp-block-column-is-layout-flow\" style=\"flex-basis:55%\">\n<div style=\"aspect-ratio:1;min-height:unset;\" class=\"wp-block-cover is-light has-aspect-ratio\"><img loading=\"lazy\" decoding=\"async\" width=\"194\" height=\"259\" class=\"wp-block-cover__image-background wp-image-25 size-full\" alt=\"\" src=\"https:\/\/lixe.eu\/wp-content\/uploads\/2026\/01\/baza-nikotynowa.jpg\" data-object-fit=\"cover\"\/><span aria-hidden=\"true\" class=\"wp-block-cover__background has-background-dim-0 has-background-dim\" style=\"background-color:#b4a7a0\"><\/span><div class=\"wp-block-cover__inner-container is-layout-flow wp-block-cover-is-layout-flow\">\n<div style=\"height:var(--wp--preset--spacing--20)\" aria-hidden=\"true\" class=\"wp-block-spacer\"><\/div>\n<\/div><\/div>\n<\/div>\n\n\n\n<div class=\"wp-block-column is-vertically-aligned-center is-layout-flow wp-block-column-is-layout-flow\" style=\"padding-top:var(--wp--preset--spacing--60);padding-right:var(--wp--preset--spacing--60);padding-bottom:var(--wp--preset--spacing--60);padding-left:var(--wp--preset--spacing--60)\">\n<h2 class=\"wp-block-heading has-xx-large-font-size\">kredyt bez za\u015bwiadcze\u0144<\/h2>\n\n\n\n<p>Czy po\u017cyczki bez bik, to alternatywa z jakiej nale\u017ca\u0142oby korzysta\u0107? Do\u015b\u0107 cz\u0119sto po\u017cyczki bez bik staj\u0105 si\u0119 metod\u0105 na osi\u0105gni\u0119cie pieni\u0119dzy, a niemal skorzystania z takiej a nie innej mo\u017cliwo\u015bci kt\u00f3r\u0105 proponuje ci\u0105g korporacji pozabankowych, te\u017c parabanki do jakich d\u0142ugo si\u0119 perswadujemy. Prawdopodobnie, perswadujemy podobnie jak kredyty bez bik s\u0105 one atrakcyjn\u0105 mo\u017cliwo\u015bci\u0105 jaka zarabia na wdro\u017ceniu, nie zmienia to aczkolwiek ca\u0142kowitego scedowania na temat nadzwyczaj podstawowej kwestii, a mianowicie kiedy faktycznie wypada z nich skorzysta\u0107 tudzie\u017c w jakiej sytuacji powinno si\u0119 postawi\u0107 na po\u017cyczki bez bik. W po\u017cyczaniu pieni\u0119dzy nie ma niczego opacznego, produkty finansowe takie jak po\u017cyczki pieni\u0119\u017cne czy kredyty bez bik istniej\u0105 od niezwykle uprzednia, zar\u00f3wno nie ma jakichkolwiek w\u0105tpliwo\u015bci, \u017ce w wielu przypadkach okaza\u0142y si\u0119 czym\u015b co wskazane jest na sw\u00f3j spos\u00f3b wykorzysta\u0107. Innymi s\u0142owy nic innego jak fakt, i\u017c po\u017cyczki pieni\u0119\u017cne r\u00f3wnie\u017c kredyty bez bik mo\u017cemy zaci\u0105ga\u0107 w momencie nie tylko zasadnego ich spo\u017cytkowania, lecz tak\u017ce posiadania czego\u015b niebagatelnego a mianowicie ja\u017anie, \u017ce na tak\u0105 po\u017cyczk\u0119 bez bik jest nas sta\u0107. Pami\u0119tajmy, i\u017c m\u00f3wimy tutaj nie tylko o wypo\u017cyczonej kwocie jak r\u00f3wnie\u017c subsydialnych wydatkach na kt\u00f3re sk\u0142adaj\u0105 si\u0119 dywidenda i oprocentowanie a tym samym co\u015b na co wypada przyci\u0105gn\u0105\u0107 uwag\u0119 w momencie kiedy zaci\u0105gamy po\u017cyczk\u0119 bez bi<\/p>\n<\/div>\n<\/div>\n<\/div><\/div>\n\n\n\n<div class=\"wp-block-group alignfull\" style=\"margin-top:0;margin-bottom:0;padding-top:var(--wp--preset--spacing--60);padding-bottom:var(--wp--preset--spacing--60)\"><div class=\"wp-block-group__inner-container is-layout-constrained wp-container-core-group-is-layout-bb6c8cb2 wp-block-group-is-layout-constrained\">\n<h2 class=\"wp-block-heading alignwide has-text-align-center has-x-large-font-size\">po\u017cyczka bez bik<\/h2>\n\n\n\n<div class=\"wp-block-buttons alignwide has-custom-font-size has-medium-font-size is-content-justification-center is-layout-flex wp-container-core-buttons-is-layout-5590e8cb wp-block-buttons-is-layout-flex\">\n<div class=\"wp-block-button is-style-fill\"><a class=\"wp-block-button__link wp-element-button\" href=\"https:\/\/www.facebook.com\/bazanikoty\">baza nikotynowa<\/a><\/div>\n\n\n\n<div class=\"wp-block-button\"><a class=\"wp-block-button__link wp-element-button\" href=\"https:\/\/bezbiku.ebrokerpartner.pl\">kredyt bez za\u015bwiadcze\u0144<\/a><\/div>\n<\/div>\n<\/div><\/div>\n\n\n\n<div class=\"wp-block-group alignfull\" style=\"margin-top:0;margin-bottom:0;padding-top:var(--wp--preset--spacing--50);padding-bottom:var(--wp--preset--spacing--50)\"><div class=\"wp-block-group__inner-container is-layout-constrained wp-block-group-is-layout-constrained\">\n<div class=\"wp-block-columns alignwide is-layout-flex wp-container-core-columns-is-layout-6b2998fd wp-block-columns-is-layout-flex\">\n<div class=\"wp-block-column is-vertically-aligned-center is-layout-flow wp-block-column-is-layout-flow\">\n<p>kredyt przez internet<\/p>\n\n\n\n<p class=\"has-medium-font-size\">Naturalnie po\u017cyczki finansowe to materia\u0142 nader przyci\u0105gaj\u0105cy jak i us\u0142uga p\u0142atnicza, z kt\u00f3rej co oczywiste korzysta w przysz\u0142o\u015bci bardzo sporo os\u00f3b, nawet mniej przyci\u0105gaj\u0105ce chwil\u00f3wki maj\u0105 swoich co czytelne sprzymierze\u0144c\u00f3w. \u0141a\u017c\u0105c tym szwungiem my\u015blenia, dojdziemy do czasu w jakim trzeba przyzna\u0107 \u017ce wtr\u0105cone po\u017cyczki bez bik to alternatywa te\u017c dla postaci, kt\u00f3re z ca\u0142ego szeregu powod\u00f3w nie mog\u0105 korzysta\u0107 z oferty banku wzgl\u0119dnie w przesz\u0142o\u015bci mieli pewne dylematy ze sp\u0142at\u0105 w\u0142asnych zobowi\u0105za\u0144. Jest bardzo du\u017co argument\u00f3w i argument\u00f3w dla kt\u00f3rych po\u017cyczki bez bik po\u017c\u0105dane by\u0142oby pogrzeba\u0107 w sprawie ich charakterystycznego przeznaczenia, spo\u017cytkowania i zastosowania zgodnie z rzeczowym za\u0142o\u017ceniem.<a href=\"https:\/\/kredytowe.ebrokerpartner.pl,nie\/\">https:\/\/kredytowe.ebrokerpartner.pl,Nie<\/a>&nbsp;adaptuje to jednak\u017ce \u0142\u0105cznego zdania, i\u017c po\u017cyczki pozabankowe oraz debety bez bik, oferowane w tych czasach nie tylko poprzez banki jakkolwiek tak\u017ce inne korporacje pozabankowe a tak\u017ce p\u0142atnicze, to co\u015b co winni\u015bmy komentowa\u0107 przez perfekcyjny pryzmat. Nie ulega najmniejszym w\u0105tpliwo\u015bciom w materii ich otrzymania i zaklepania, najg\u0142\u00f3wniejsze jest aby pami\u0119ta\u0107 o nie tylko warunkach na jakie si\u0119 godzimy, lecz te\u017c przyuwa\u017cy\u0107 na niewiele istotnych kwestii odciskaj\u0105cych cho\u0107by na warto\u015b\u0107 zobligowania a wi\u0119c naszej po\u017cyczki bez bik.<a href=\"http:\/\/www.lixe.eu\/\">kredyt bez za\u015bwiadcze\u0144<\/a>, W ca\u0142ego szeregu sytuacjach pogrzebanie tego jak du\u017co b\u0119dzie nas poci\u0105ga\u0107 koszty taki kredyt bez bik jest czym\u015b o jakiej rzeczy najzwyczajniej w globie zapominamy, oraz po\u017c\u0105dane by\u0142oby zastanowi\u0107 si\u0119 czy taka po\u017cyczka jest ciekawa pod wzgl\u0119dem koszt\u00f3w i samego oprocentowania. W korzystaniu z po\u017cyczki finansowej nie ma niczego niew\u0142a\u015bciwego, z drugiej jednak\u017ce strony nale\u017cy w k\u00f3\u0142ko Macieju tworzy\u0107 \u017ce generuje ona nast\u0119puj\u0105ce koszta a nawet co bardzo klarowne wystawia nas na zb\u0119dne i zupe\u0142nie zb\u0119dne koszta. O ile tymczasem mamy na my\u015bli, \u017ce powinni\u015bmy skorzysta\u0107 z po\u017cyczki bez bik, to nic nie stoi na przeszkodzie aby tak\u0105 najzwyczajniej w globie zaklepa\u0107.<\/p>\n<\/div>\n\n\n\n<div class=\"wp-block-column is-vertically-aligned-center is-layout-flow wp-block-column-is-layout-flow\">\n<figure class=\"wp-block-image size-full\"><img decoding=\"async\" src=\"https:\/\/lixe.eu\/wp-content\/themes\/twentytwentyfive\/assets\/images\/book-image-landing.webp\" alt=\"Image of a book\" style=\"aspect-ratio:1;object-fit:cover\"\/><\/figure>\n<\/div>\n<\/div>\n<\/div><\/div>\n\n\n\n<div class=\"wp-block-group alignfull\" style=\"margin-top:0;margin-bottom:0\"><div class=\"wp-block-group__inner-container is-layout-constrained wp-block-group-is-layout-constrained\"><\/div><\/div>\n","protected":false},"excerpt":{"rendered":"<p>kredyt bez za\u015bwiadcze\u0144 Czy po\u017cyczki bez bik, to alternatywa z jakiej nale\u017ca\u0142oby korzysta\u0107? Do\u015b\u0107 cz\u0119sto po\u017cyczki bez bik staj\u0105 si\u0119 metod\u0105 na osi\u0105gni\u0119cie pieni\u0119dzy, a niemal skorzystania z takiej a nie innej mo\u017cliwo\u015bci kt\u00f3r\u0105 proponuje ci\u0105g korporacji pozabankowych, te\u017c parabanki &hellip; <a href=\"https:\/\/lixe.eu\/\">Czytaj dalej <span class=\"meta-nav\">&rarr;<\/span><\/a><\/p>\n","protected":false},"author":1,"featured_media":0,"parent":0,"menu_order":0,"comment_status":"closed","ping_status":"closed","template":"","meta":{"om_disable_all_campaigns":false,"_monsterinsights_skip_tracking":false,"_monsterinsights_sitenote_active":false,"_monsterinsights_sitenote_note":"","_monsterinsights_sitenote_category":0,"footnotes":""},"class_list":["post-8","page","type-page","status-publish","hentry"],"aioseo_notices":[],"yoast_head":"<!-- This site is optimized with the Yoast SEO plugin v26.6 - https:\/\/yoast.com\/wordpress\/plugins\/seo\/ -->\n<title>kredyt bez za\u015bwiadcze\u0144 - kredyt bez za\u015bwiadcze\u0144<\/title>\n<meta name=\"description\" content=\"kredyt bez za\u015bwiadcze\u0144 o dochodachkredyt bez za\u015bwiadcze\u0144, po\u017cyczka pozabankowa\" \/>\n<meta name=\"robots\" content=\"index, follow, max-snippet:-1, max-image-preview:large, max-video-preview:-1\" \/>\n<link rel=\"canonical\" href=\"https:\/\/lixe.eu\/\" \/>\n<meta property=\"og:locale\" content=\"pl_PL\" \/>\n<meta property=\"og:type\" content=\"article\" \/>\n<meta property=\"og:title\" content=\"kredyt bez za\u015bwiadcze\u0144 - kredyt bez za\u015bwiadcze\u0144\" \/>\n<meta property=\"og:description\" content=\"kredyt bez za\u015bwiadcze\u0144 o dochodachkredyt bez za\u015bwiadcze\u0144, po\u017cyczka pozabankowa\" \/>\n<meta property=\"og:url\" content=\"https:\/\/lixe.eu\/\" \/>\n<meta property=\"og:site_name\" content=\"kredyt bez za\u015bwiadcze\u0144\" \/>\n<meta property=\"article:modified_time\" content=\"2025-12-27T14:50:27+00:00\" \/>\n<meta property=\"og:image\" content=\"https:\/\/lixe.eu\/wp-content\/uploads\/2026\/01\/baza-nikotynowa.jpg\" \/>\n\t<meta property=\"og:image:width\" content=\"194\" \/>\n\t<meta property=\"og:image:height\" content=\"259\" \/>\n\t<meta property=\"og:image:type\" content=\"image\/jpeg\" \/>\n<meta name=\"twitter:card\" content=\"summary_large_image\" \/>\n<meta name=\"twitter:label1\" content=\"Szacowany czas czytania\" \/>\n\t<meta name=\"twitter:data1\" content=\"4 minuty\" \/>\n<script type=\"application\/ld+json\" class=\"yoast-schema-graph\">{\"@context\":\"https:\/\/schema.org\",\"@graph\":[{\"@type\":\"WebPage\",\"@id\":\"https:\/\/lixe.eu\/\",\"url\":\"https:\/\/lixe.eu\/\",\"name\":\"kredyt bez za\u015bwiadcze\u0144 - kredyt bez za\u015bwiadcze\u0144\",\"isPartOf\":{\"@id\":\"https:\/\/lixe.eu\/#website\"},\"primaryImageOfPage\":{\"@id\":\"https:\/\/lixe.eu\/#primaryimage\"},\"image\":{\"@id\":\"https:\/\/lixe.eu\/#primaryimage\"},\"thumbnailUrl\":\"https:\/\/lixe.eu\/wp-content\/uploads\/2026\/01\/baza-nikotynowa.jpg\",\"datePublished\":\"2025-12-27T14:47:06+00:00\",\"dateModified\":\"2025-12-27T14:50:27+00:00\",\"description\":\"kredyt bez za\u015bwiadcze\u0144 o dochodachkredyt bez za\u015bwiadcze\u0144, po\u017cyczka pozabankowa\",\"breadcrumb\":{\"@id\":\"https:\/\/lixe.eu\/#breadcrumb\"},\"inLanguage\":\"pl-PL\",\"potentialAction\":[{\"@type\":\"ReadAction\",\"target\":[\"https:\/\/lixe.eu\/\"]}]},{\"@type\":\"ImageObject\",\"inLanguage\":\"pl-PL\",\"@id\":\"https:\/\/lixe.eu\/#primaryimage\",\"url\":\"https:\/\/lixe.eu\/wp-content\/uploads\/2026\/01\/baza-nikotynowa.jpg\",\"contentUrl\":\"https:\/\/lixe.eu\/wp-content\/uploads\/2026\/01\/baza-nikotynowa.jpg\",\"width\":194,\"height\":259,\"caption\":\"baza nikotynowa\"},{\"@type\":\"BreadcrumbList\",\"@id\":\"https:\/\/lixe.eu\/#breadcrumb\",\"itemListElement\":[{\"@type\":\"ListItem\",\"position\":1,\"name\":\"Strona g\u0142\u00f3wna\",\"item\":\"https:\/\/lixe.eu\/\"},{\"@type\":\"ListItem\",\"position\":2,\"name\":\"kredyt bez za\u015bwiadcze\u0144\"}]},{\"@type\":\"WebSite\",\"@id\":\"https:\/\/lixe.eu\/#website\",\"url\":\"https:\/\/lixe.eu\/\",\"name\":\"kredyt bez za\u015bwiadcze\u0144\",\"description\":\"kredyt bez za\u015bwiadcze\u0144 o dochodachkredyt bez za\u015bwiadcze\u0144, po\u017cyczka pozabankowa\",\"potentialAction\":[{\"@type\":\"SearchAction\",\"target\":{\"@type\":\"EntryPoint\",\"urlTemplate\":\"https:\/\/lixe.eu\/?s={search_term_string}\"},\"query-input\":{\"@type\":\"PropertyValueSpecification\",\"valueRequired\":true,\"valueName\":\"search_term_string\"}}],\"inLanguage\":\"pl-PL\"}]}<\/script>\n<!-- \/ Yoast SEO plugin. -->","yoast_head_json":{"title":"kredyt bez za\u015bwiadcze\u0144 - kredyt bez za\u015bwiadcze\u0144","description":"kredyt bez za\u015bwiadcze\u0144 o dochodachkredyt bez za\u015bwiadcze\u0144, po\u017cyczka pozabankowa","robots":{"index":"index","follow":"follow","max-snippet":"max-snippet:-1","max-image-preview":"max-image-preview:large","max-video-preview":"max-video-preview:-1"},"canonical":"https:\/\/lixe.eu\/","og_locale":"pl_PL","og_type":"article","og_title":"kredyt bez za\u015bwiadcze\u0144 - kredyt bez za\u015bwiadcze\u0144","og_description":"kredyt bez za\u015bwiadcze\u0144 o dochodachkredyt bez za\u015bwiadcze\u0144, po\u017cyczka pozabankowa","og_url":"https:\/\/lixe.eu\/","og_site_name":"kredyt bez za\u015bwiadcze\u0144","article_modified_time":"2025-12-27T14:50:27+00:00","og_image":[{"width":194,"height":259,"url":"https:\/\/lixe.eu\/wp-content\/uploads\/2026\/01\/baza-nikotynowa.jpg","type":"image\/jpeg"}],"twitter_card":"summary_large_image","twitter_misc":{"Szacowany czas czytania":"4 minuty"},"schema":{"@context":"https:\/\/schema.org","@graph":[{"@type":"WebPage","@id":"https:\/\/lixe.eu\/","url":"https:\/\/lixe.eu\/","name":"kredyt bez za\u015bwiadcze\u0144 - kredyt bez za\u015bwiadcze\u0144","isPartOf":{"@id":"https:\/\/lixe.eu\/#website"},"primaryImageOfPage":{"@id":"https:\/\/lixe.eu\/#primaryimage"},"image":{"@id":"https:\/\/lixe.eu\/#primaryimage"},"thumbnailUrl":"https:\/\/lixe.eu\/wp-content\/uploads\/2026\/01\/baza-nikotynowa.jpg","datePublished":"2025-12-27T14:47:06+00:00","dateModified":"2025-12-27T14:50:27+00:00","description":"kredyt bez za\u015bwiadcze\u0144 o dochodachkredyt bez za\u015bwiadcze\u0144, po\u017cyczka pozabankowa","breadcrumb":{"@id":"https:\/\/lixe.eu\/#breadcrumb"},"inLanguage":"pl-PL","potentialAction":[{"@type":"ReadAction","target":["https:\/\/lixe.eu\/"]}]},{"@type":"ImageObject","inLanguage":"pl-PL","@id":"https:\/\/lixe.eu\/#primaryimage","url":"https:\/\/lixe.eu\/wp-content\/uploads\/2026\/01\/baza-nikotynowa.jpg","contentUrl":"https:\/\/lixe.eu\/wp-content\/uploads\/2026\/01\/baza-nikotynowa.jpg","width":194,"height":259,"caption":"baza nikotynowa"},{"@type":"BreadcrumbList","@id":"https:\/\/lixe.eu\/#breadcrumb","itemListElement":[{"@type":"ListItem","position":1,"name":"Strona g\u0142\u00f3wna","item":"https:\/\/lixe.eu\/"},{"@type":"ListItem","position":2,"name":"kredyt bez za\u015bwiadcze\u0144"}]},{"@type":"WebSite","@id":"https:\/\/lixe.eu\/#website","url":"https:\/\/lixe.eu\/","name":"kredyt bez za\u015bwiadcze\u0144","description":"kredyt bez za\u015bwiadcze\u0144 o dochodachkredyt bez za\u015bwiadcze\u0144, po\u017cyczka pozabankowa","potentialAction":[{"@type":"SearchAction","target":{"@type":"EntryPoint","urlTemplate":"https:\/\/lixe.eu\/?s={search_term_string}"},"query-input":{"@type":"PropertyValueSpecification","valueRequired":true,"valueName":"search_term_string"}}],"inLanguage":"pl-PL"}]}},"jetpack_sharing_enabled":true,"jetpack_likes_enabled":true,"_links":{"self":[{"href":"https:\/\/lixe.eu\/index.php\/wp-json\/wp\/v2\/pages\/8","targetHints":{"allow":["GET"]}}],"collection":[{"href":"https:\/\/lixe.eu\/index.php\/wp-json\/wp\/v2\/pages"}],"about":[{"href":"https:\/\/lixe.eu\/index.php\/wp-json\/wp\/v2\/types\/page"}],"author":[{"embeddable":true,"href":"https:\/\/lixe.eu\/index.php\/wp-json\/wp\/v2\/users\/1"}],"replies":[{"embeddable":true,"href":"https:\/\/lixe.eu\/index.php\/wp-json\/wp\/v2\/comments?post=8"}],"version-history":[{"count":3,"href":"https:\/\/lixe.eu\/index.php\/wp-json\/wp\/v2\/pages\/8\/revisions"}],"predecessor-version":[{"id":26,"href":"https:\/\/lixe.eu\/index.php\/wp-json\/wp\/v2\/pages\/8\/revisions\/26"}],"wp:attachment":[{"href":"https:\/\/lixe.eu\/index.php\/wp-json\/wp\/v2\/media?parent=8"}],"curies":[{"name":"wp","href":"https:\/\/api.w.org\/{rel}","templated":true}]}}